{"id":695,"date":"2022-10-03T20:37:59","date_gmt":"2022-10-03T20:37:59","guid":{"rendered":"https:\/\/monsieurglace.com\/dev\/photo-gallery\/"},"modified":"2022-10-04T20:53:48","modified_gmt":"2022-10-04T20:53:48","slug":"photo-gallery","status":"publish","type":"page","link":"https:\/\/monsieurglace.com\/en\/photo-gallery\/","title":{"rendered":"Photo gallery"},"content":{"rendered":"\t\t<div data-elementor-type=\"wp-page\" data-elementor-id=\"695\" class=\"elementor elementor-695 elementor-41\" data-elementor-post-type=\"page\">\n\t\t\t\t\t\t<section class=\"has_ae_slider elementor-section elementor-top-section elementor-element elementor-element-5d746c85 elementor-section-height-min-height elementor-section-boxed elementor-section-height-default elementor-section-items-middle ae-bg-gallery-type-default\" data-id=\"5d746c85\" data-element_type=\"section\" data-e-type=\"section\" data-settings=\"{&quot;background_background&quot;:&quot;classic&quot;}\">\n\t\t\t\t\t\t<div class=\"elementor-container elementor-column-gap-default\">\n\t\t\t\t\t<div class=\"has_ae_slider elementor-column elementor-col-100 elementor-top-column elementor-element elementor-element-61bcbaa5 ae-bg-gallery-type-default\" data-id=\"61bcbaa5\" data-element_type=\"column\" data-e-type=\"column\">\n\t\t\t<div class=\"elementor-widget-wrap elementor-element-populated\">\n\t\t\t\t\t\t<div class=\"elementor-element elementor-element-33df1c45 elementor-widget__width-auto elementor-widget elementor-widget-image\" data-id=\"33df1c45\" data-element_type=\"widget\" data-e-type=\"widget\" data-widget_type=\"image.default\">\n\t\t\t\t<div class=\"elementor-widget-container\">\n\t\t\t\t\t\t\t\t\t\t\t\t\t\t\t<img decoding=\"async\" src=\"https:\/\/monsieurglace.com\/wp-content\/uploads\/elementor\/thumbs\/IconesQc-02-pvowa58wwb2ejbtesnueo31tfns2nck4e45jhj507m.png\" title=\"IconesQc-02\" alt=\"IconesQc-02\" loading=\"lazy\" \/>\t\t\t\t\t\t\t\t\t\t\t\t\t\t\t<\/div>\n\t\t\t\t<\/div>\n\t\t\t\t<div class=\"elementor-element elementor-element-16f91b18 elementor-widget__width-auto elementor-widget elementor-widget-heading\" data-id=\"16f91b18\" data-element_type=\"widget\" data-e-type=\"widget\" data-widget_type=\"heading.default\">\n\t\t\t\t<div class=\"elementor-widget-container\">\n\t\t\t\t\t<h2 class=\"elementor-heading-title elementor-size-default\">Photo gallery<\/h2>\t\t\t\t<\/div>\n\t\t\t\t<\/div>\n\t\t\t\t\t<\/div>\n\t\t<\/div>\n\t\t\t\t\t<\/div>\n\t\t<\/section>\n\t\t\t\t<section class=\"has_ae_slider elementor-section elementor-top-section elementor-element elementor-element-4f8a31e elementor-section-boxed elementor-section-height-default elementor-section-height-default ae-bg-gallery-type-default\" data-id=\"4f8a31e\" data-element_type=\"section\" data-e-type=\"section\">\n\t\t\t\t\t\t<div class=\"elementor-container elementor-column-gap-default\">\n\t\t\t\t\t<div class=\"has_ae_slider elementor-column elementor-col-100 elementor-top-column elementor-element elementor-element-eec694c ae-bg-gallery-type-default\" data-id=\"eec694c\" data-element_type=\"column\" data-e-type=\"column\">\n\t\t\t<div class=\"elementor-widget-wrap elementor-element-populated\">\n\t\t\t\t\t\t<div class=\"elementor-element elementor-element-fadf85a elementor-widget elementor-widget-gallery\" data-id=\"fadf85a\" data-element_type=\"widget\" data-e-type=\"widget\" data-settings=\"{&quot;gallery_layout&quot;:&quot;masonry&quot;,&quot;lazyload&quot;:&quot;yes&quot;,&quot;columns&quot;:4,&quot;columns_tablet&quot;:2,&quot;columns_mobile&quot;:1,&quot;gap&quot;:{&quot;unit&quot;:&quot;px&quot;,&quot;size&quot;:10,&quot;sizes&quot;:[]},&quot;gap_tablet&quot;:{&quot;unit&quot;:&quot;px&quot;,&quot;size&quot;:10,&quot;sizes&quot;:[]},&quot;gap_mobile&quot;:{&quot;unit&quot;:&quot;px&quot;,&quot;size&quot;:10,&quot;sizes&quot;:[]},&quot;link_to&quot;:&quot;file&quot;,&quot;overlay_background&quot;:&quot;yes&quot;,&quot;content_hover_animation&quot;:&quot;fade-in&quot;}\" data-widget_type=\"gallery.default\">\n\t\t\t\t<div class=\"elementor-widget-container\">\n\t\t\t\t\t\t\t<div class=\"elementor-gallery__container\">\n\t\t\t\t\t\t\t<a class=\"e-gallery-item elementor-gallery-item elementor-animated-content\" href=\"https:\/\/monsieurglace.com\/wp-content\/uploads\/2022\/10\/20150713_101525-e1604679958191.jpg\" data-elementor-open-lightbox=\"yes\" data-elementor-lightbox-slideshow=\"fadf85a\" data-elementor-lightbox-title=\"Monsieur Glace\" data-elementor-lightbox-description=\"Juillet 2015 \u2013 Tournage pour le 24 heures de Tremblant. Croyez-le ou non, un de nos service sp\u00e9cialis\u00e9 est fournir de la neige en \u00e9t\u00e9 pour des tournages de films ou de publicit\u00e9s! \" data-e-action-hash=\"#elementor-action%3Aaction%3Dlightbox%26settings%3DeyJpZCI6NjUyLCJ1cmwiOiJodHRwczpcL1wvbW9uc2lldXJnbGFjZS5jb21cL3dwLWNvbnRlbnRcL3VwbG9hZHNcLzIwMjJcLzEwXC8yMDE1MDcxM18xMDE1MjUtZTE2MDQ2Nzk5NTgxOTEuanBnIiwic2xpZGVzaG93IjoiZmFkZjg1YSJ9\">\n\t\t\t\t\t<div class=\"e-gallery-image elementor-gallery-item__image\" data-thumbnail=\"https:\/\/monsieurglace.com\/wp-content\/uploads\/2022\/10\/20150713_101525-e1604679958191.jpg\" data-width=\"1600\" data-height=\"900\" aria-label=\"\" role=\"img\" ><\/div>\n\t\t\t\t\t\t\t\t\t\t\t<div class=\"elementor-gallery-item__overlay\"><\/div>\n\t\t\t\t\t\t\t\t\t\t\t\t\t\t<\/a>\n\t\t\t\t\t\t\t<a class=\"e-gallery-item elementor-gallery-item elementor-animated-content\" href=\"https:\/\/monsieurglace.com\/wp-content\/uploads\/2022\/10\/20150713_102346-scaled.jpg\" data-elementor-open-lightbox=\"yes\" data-elementor-lightbox-slideshow=\"fadf85a\" data-elementor-lightbox-title=\"Monsieur Glace\" data-elementor-lightbox-description=\"Juillet 2015 \u2013 Tournage pour le 24 heures de Tremblant. Croyez-le ou non, un de nos services sp\u00e9cialis\u00e9s est de fournir de la neige en \u00e9t\u00e9 pour des tournages de films ou de publicit\u00e9s!\" data-e-action-hash=\"#elementor-action%3Aaction%3Dlightbox%26settings%3DeyJpZCI6NjUzLCJ1cmwiOiJodHRwczpcL1wvbW9uc2lldXJnbGFjZS5jb21cL3dwLWNvbnRlbnRcL3VwbG9hZHNcLzIwMjJcLzEwXC8yMDE1MDcxM18xMDIzNDYtc2NhbGVkLmpwZyIsInNsaWRlc2hvdyI6ImZhZGY4NWEifQ%3D%3D\">\n\t\t\t\t\t<div class=\"e-gallery-image elementor-gallery-item__image\" data-thumbnail=\"https:\/\/monsieurglace.com\/wp-content\/uploads\/2022\/10\/20150713_102346-scaled.jpg\" data-width=\"1440\" data-height=\"2560\" aria-label=\"\" role=\"img\" ><\/div>\n\t\t\t\t\t\t\t\t\t\t\t<div class=\"elementor-gallery-item__overlay\"><\/div>\n\t\t\t\t\t\t\t\t\t\t\t\t\t\t<\/a>\n\t\t\t\t\t\t\t<a class=\"e-gallery-item elementor-gallery-item elementor-animated-content\" href=\"https:\/\/monsieurglace.com\/wp-content\/uploads\/2022\/10\/20160824_113852-e1604679880692.jpg\" data-elementor-open-lightbox=\"yes\" data-elementor-lightbox-slideshow=\"fadf85a\" data-elementor-lightbox-title=\"Monsieur Glace\" data-elementor-lightbox-description=\"Flotte de cong\u00e9lateurs. \" data-e-action-hash=\"#elementor-action%3Aaction%3Dlightbox%26settings%3DeyJpZCI6NjU0LCJ1cmwiOiJodHRwczpcL1wvbW9uc2lldXJnbGFjZS5jb21cL3dwLWNvbnRlbnRcL3VwbG9hZHNcLzIwMjJcLzEwXC8yMDE2MDgyNF8xMTM4NTItZTE2MDQ2Nzk4ODA2OTIuanBnIiwic2xpZGVzaG93IjoiZmFkZjg1YSJ9\">\n\t\t\t\t\t<div class=\"e-gallery-image elementor-gallery-item__image\" data-thumbnail=\"https:\/\/monsieurglace.com\/wp-content\/uploads\/2022\/10\/20160824_113852-e1604679880692.jpg\" data-width=\"1600\" data-height=\"1387\" aria-label=\"\" role=\"img\" ><\/div>\n\t\t\t\t\t\t\t\t\t\t\t<div class=\"elementor-gallery-item__overlay\"><\/div>\n\t\t\t\t\t\t\t\t\t\t\t\t\t\t<\/a>\n\t\t\t\t\t\t\t<a class=\"e-gallery-item elementor-gallery-item elementor-animated-content\" href=\"https:\/\/monsieurglace.com\/wp-content\/uploads\/2022\/10\/20170507_140901-e1604679933923.jpg\" data-elementor-open-lightbox=\"yes\" data-elementor-lightbox-slideshow=\"fadf85a\" data-elementor-lightbox-title=\"Monsieur Glace\" data-elementor-lightbox-description=\"Un de nos nombreux points de service dans les Magasins Canadian Tire\" data-e-action-hash=\"#elementor-action%3Aaction%3Dlightbox%26settings%3DeyJpZCI6NjU1LCJ1cmwiOiJodHRwczpcL1wvbW9uc2lldXJnbGFjZS5jb21cL3dwLWNvbnRlbnRcL3VwbG9hZHNcLzIwMjJcLzEwXC8yMDE3MDUwN18xNDA5MDEtZTE2MDQ2Nzk5MzM5MjMuanBnIiwic2xpZGVzaG93IjoiZmFkZjg1YSJ9\">\n\t\t\t\t\t<div class=\"e-gallery-image elementor-gallery-item__image\" data-thumbnail=\"https:\/\/monsieurglace.com\/wp-content\/uploads\/2022\/10\/20170507_140901-e1604679933923.jpg\" data-width=\"1600\" data-height=\"2199\" aria-label=\"\" role=\"img\" ><\/div>\n\t\t\t\t\t\t\t\t\t\t\t<div class=\"elementor-gallery-item__overlay\"><\/div>\n\t\t\t\t\t\t\t\t\t\t\t\t\t\t<\/a>\n\t\t\t\t\t\t\t<a class=\"e-gallery-item elementor-gallery-item elementor-animated-content\" href=\"https:\/\/monsieurglace.com\/wp-content\/uploads\/2022\/10\/IceIceBaby038-scaled.jpg\" data-elementor-open-lightbox=\"yes\" data-elementor-lightbox-slideshow=\"fadf85a\" data-elementor-lightbox-title=\"Monsieur Glace\" data-elementor-lightbox-description=\"Nos t-shirts \u00e9v\u00e9nementiels\" data-e-action-hash=\"#elementor-action%3Aaction%3Dlightbox%26settings%3DeyJpZCI6NjU2LCJ1cmwiOiJodHRwczpcL1wvbW9uc2lldXJnbGFjZS5jb21cL3dwLWNvbnRlbnRcL3VwbG9hZHNcLzIwMjJcLzEwXC9JY2VJY2VCYWJ5MDM4LXNjYWxlZC5qcGciLCJzbGlkZXNob3ciOiJmYWRmODVhIn0%3D\">\n\t\t\t\t\t<div class=\"e-gallery-image elementor-gallery-item__image\" data-thumbnail=\"https:\/\/monsieurglace.com\/wp-content\/uploads\/2022\/10\/IceIceBaby038-scaled.jpg\" data-width=\"1707\" data-height=\"2560\" aria-label=\"\" role=\"img\" ><\/div>\n\t\t\t\t\t\t\t\t\t\t\t<div class=\"elementor-gallery-item__overlay\"><\/div>\n\t\t\t\t\t\t\t\t\t\t\t\t\t\t<\/a>\n\t\t\t\t\t\t\t<a class=\"e-gallery-item elementor-gallery-item elementor-animated-content\" href=\"https:\/\/monsieurglace.com\/wp-content\/uploads\/2022\/10\/IceIceBaby040-scaled.jpg\" data-elementor-open-lightbox=\"yes\" data-elementor-lightbox-slideshow=\"fadf85a\" data-elementor-lightbox-title=\"Monsieur Glace\" data-elementor-lightbox-description=\"Futur h\u00e9ritier en construction\" data-e-action-hash=\"#elementor-action%3Aaction%3Dlightbox%26settings%3DeyJpZCI6NjU3LCJ1cmwiOiJodHRwczpcL1wvbW9uc2lldXJnbGFjZS5jb21cL3dwLWNvbnRlbnRcL3VwbG9hZHNcLzIwMjJcLzEwXC9JY2VJY2VCYWJ5MDQwLXNjYWxlZC5qcGciLCJzbGlkZXNob3ciOiJmYWRmODVhIn0%3D\">\n\t\t\t\t\t<div class=\"e-gallery-image elementor-gallery-item__image\" data-thumbnail=\"https:\/\/monsieurglace.com\/wp-content\/uploads\/2022\/10\/IceIceBaby040-scaled.jpg\" data-width=\"1707\" data-height=\"2560\" aria-label=\"\" role=\"img\" ><\/div>\n\t\t\t\t\t\t\t\t\t\t\t<div class=\"elementor-gallery-item__overlay\"><\/div>\n\t\t\t\t\t\t\t\t\t\t\t\t\t\t<\/a>\n\t\t\t\t\t\t\t<a class=\"e-gallery-item elementor-gallery-item elementor-animated-content\" href=\"https:\/\/monsieurglace.com\/wp-content\/uploads\/2022\/10\/IMG_7169-scaled.jpg\" data-elementor-open-lightbox=\"yes\" data-elementor-lightbox-slideshow=\"fadf85a\" data-elementor-lightbox-title=\"Monsieur Glace\" data-elementor-lightbox-description=\"\u00c9t\u00e9 2014 - L\u2019\u00e9quipe \u00e9v\u00e9nementielle au travail\" data-e-action-hash=\"#elementor-action%3Aaction%3Dlightbox%26settings%3DeyJpZCI6NjU4LCJ1cmwiOiJodHRwczpcL1wvbW9uc2lldXJnbGFjZS5jb21cL3dwLWNvbnRlbnRcL3VwbG9hZHNcLzIwMjJcLzEwXC9JTUdfNzE2OS1zY2FsZWQuanBnIiwic2xpZGVzaG93IjoiZmFkZjg1YSJ9\">\n\t\t\t\t\t<div class=\"e-gallery-image elementor-gallery-item__image\" data-thumbnail=\"https:\/\/monsieurglace.com\/wp-content\/uploads\/2022\/10\/IMG_7169-scaled.jpg\" data-width=\"1830\" data-height=\"2560\" aria-label=\"\" role=\"img\" ><\/div>\n\t\t\t\t\t\t\t\t\t\t\t<div class=\"elementor-gallery-item__overlay\"><\/div>\n\t\t\t\t\t\t\t\t\t\t\t\t\t\t<\/a>\n\t\t\t\t\t\t\t<a class=\"e-gallery-item elementor-gallery-item elementor-animated-content\" href=\"https:\/\/monsieurglace.com\/wp-content\/uploads\/2022\/10\/IMG_7170-scaled.jpg\" data-elementor-open-lightbox=\"yes\" data-elementor-lightbox-slideshow=\"fadf85a\" data-elementor-lightbox-title=\"Monsieur Glace\" data-elementor-lightbox-description=\"L\u2019\u00e9quipe \u00e9v\u00e9nementielle au travail\" data-e-action-hash=\"#elementor-action%3Aaction%3Dlightbox%26settings%3DeyJpZCI6NjU5LCJ1cmwiOiJodHRwczpcL1wvbW9uc2lldXJnbGFjZS5jb21cL3dwLWNvbnRlbnRcL3VwbG9hZHNcLzIwMjJcLzEwXC9JTUdfNzE3MC1zY2FsZWQuanBnIiwic2xpZGVzaG93IjoiZmFkZjg1YSJ9\">\n\t\t\t\t\t<div class=\"e-gallery-image elementor-gallery-item__image\" data-thumbnail=\"https:\/\/monsieurglace.com\/wp-content\/uploads\/2022\/10\/IMG_7170-scaled.jpg\" data-width=\"1823\" data-height=\"2560\" aria-label=\"\" role=\"img\" ><\/div>\n\t\t\t\t\t\t\t\t\t\t\t<div class=\"elementor-gallery-item__overlay\"><\/div>\n\t\t\t\t\t\t\t\t\t\t\t\t\t\t<\/a>\n\t\t\t\t\t\t\t<a class=\"e-gallery-item elementor-gallery-item elementor-animated-content\" href=\"https:\/\/monsieurglace.com\/wp-content\/uploads\/2022\/10\/PhotoAcceuilApropos.jpg\" data-elementor-open-lightbox=\"yes\" data-elementor-lightbox-slideshow=\"fadf85a\" data-elementor-lightbox-title=\"Monsieur Glace\" data-elementor-lightbox-description=\"Fr\u00e9d\u00e9rick alias Monsieur Glace!\" data-e-action-hash=\"#elementor-action%3Aaction%3Dlightbox%26settings%3DeyJpZCI6NjYwLCJ1cmwiOiJodHRwczpcL1wvbW9uc2lldXJnbGFjZS5jb21cL3dwLWNvbnRlbnRcL3VwbG9hZHNcLzIwMjJcLzEwXC9QaG90b0FjY2V1aWxBcHJvcG9zLmpwZyIsInNsaWRlc2hvdyI6ImZhZGY4NWEifQ%3D%3D\">\n\t\t\t\t\t<div class=\"e-gallery-image elementor-gallery-item__image\" data-thumbnail=\"https:\/\/monsieurglace.com\/wp-content\/uploads\/2022\/10\/PhotoAcceuilApropos.jpg\" data-width=\"666\" data-height=\"514\" aria-label=\"\" role=\"img\" ><\/div>\n\t\t\t\t\t\t\t\t\t\t\t<div class=\"elementor-gallery-item__overlay\"><\/div>\n\t\t\t\t\t\t\t\t\t\t\t\t\t\t<\/a>\n\t\t\t\t\t\t\t<a class=\"e-gallery-item elementor-gallery-item elementor-animated-content\" href=\"https:\/\/monsieurglace.com\/wp-content\/uploads\/2022\/10\/20220729_194547-scaled.jpg\" data-elementor-open-lightbox=\"yes\" data-elementor-lightbox-slideshow=\"fadf85a\" data-elementor-lightbox-title=\"Monsieur Glace\" data-elementor-lightbox-description=\" \u2013 Remplissage des cong\u00e9lateurs pendant l\u2019\u00e9v\u00e9nement\" data-e-action-hash=\"#elementor-action%3Aaction%3Dlightbox%26settings%3DeyJpZCI6NjgwLCJ1cmwiOiJodHRwczpcL1wvbW9uc2lldXJnbGFjZS5jb21cL3dwLWNvbnRlbnRcL3VwbG9hZHNcLzIwMjJcLzEwXC8yMDIyMDcyOV8xOTQ1NDctc2NhbGVkLmpwZyIsInNsaWRlc2hvdyI6ImZhZGY4NWEifQ%3D%3D\">\n\t\t\t\t\t<div class=\"e-gallery-image elementor-gallery-item__image\" data-thumbnail=\"https:\/\/monsieurglace.com\/wp-content\/uploads\/2022\/10\/20220729_194547-scaled.jpg\" data-width=\"2560\" data-height=\"1213\" aria-label=\"\" role=\"img\" ><\/div>\n\t\t\t\t\t\t\t\t\t\t\t<div class=\"elementor-gallery-item__overlay\"><\/div>\n\t\t\t\t\t\t\t\t\t\t\t\t\t\t<\/a>\n\t\t\t\t\t\t\t<a class=\"e-gallery-item elementor-gallery-item elementor-animated-content\" href=\"https:\/\/monsieurglace.com\/wp-content\/uploads\/2022\/10\/20220814_135640-scaled.jpg\" data-elementor-open-lightbox=\"yes\" data-elementor-lightbox-slideshow=\"fadf85a\" data-elementor-lightbox-title=\"Monsieur Glace\" data-elementor-lightbox-description=\"Bien \u00e9quip\u00e9s pour bien vous servir!\" data-e-action-hash=\"#elementor-action%3Aaction%3Dlightbox%26settings%3DeyJpZCI6NjgxLCJ1cmwiOiJodHRwczpcL1wvbW9uc2lldXJnbGFjZS5jb21cL3dwLWNvbnRlbnRcL3VwbG9hZHNcLzIwMjJcLzEwXC8yMDIyMDgxNF8xMzU2NDAtc2NhbGVkLmpwZyIsInNsaWRlc2hvdyI6ImZhZGY4NWEifQ%3D%3D\">\n\t\t\t\t\t<div class=\"e-gallery-image elementor-gallery-item__image\" data-thumbnail=\"https:\/\/monsieurglace.com\/wp-content\/uploads\/2022\/10\/20220814_135640-scaled.jpg\" data-width=\"1396\" data-height=\"2560\" aria-label=\"\" role=\"img\" ><\/div>\n\t\t\t\t\t\t\t\t\t\t\t<div class=\"elementor-gallery-item__overlay\"><\/div>\n\t\t\t\t\t\t\t\t\t\t\t\t\t\t<\/a>\n\t\t\t\t\t\t\t<a class=\"e-gallery-item elementor-gallery-item elementor-animated-content\" href=\"https:\/\/monsieurglace.com\/wp-content\/uploads\/2022\/10\/20220819_165457-scaled.jpg\" data-elementor-open-lightbox=\"yes\" data-elementor-lightbox-slideshow=\"fadf85a\" data-elementor-lightbox-title=\"Monsieur Glace\" data-elementor-lightbox-description=\"Merci \u00e0 Kubota St-Jean!\" data-e-action-hash=\"#elementor-action%3Aaction%3Dlightbox%26settings%3DeyJpZCI6NjgyLCJ1cmwiOiJodHRwczpcL1wvbW9uc2lldXJnbGFjZS5jb21cL3dwLWNvbnRlbnRcL3VwbG9hZHNcLzIwMjJcLzEwXC8yMDIyMDgxOV8xNjU0NTctc2NhbGVkLmpwZyIsInNsaWRlc2hvdyI6ImZhZGY4NWEifQ%3D%3D\">\n\t\t\t\t\t<div class=\"e-gallery-image elementor-gallery-item__image\" data-thumbnail=\"https:\/\/monsieurglace.com\/wp-content\/uploads\/2022\/10\/20220819_165457-scaled.jpg\" data-width=\"1566\" data-height=\"2560\" aria-label=\"\" role=\"img\" ><\/div>\n\t\t\t\t\t\t\t\t\t\t\t<div class=\"elementor-gallery-item__overlay\"><\/div>\n\t\t\t\t\t\t\t\t\t\t\t\t\t\t<\/a>\n\t\t\t\t\t\t\t<a class=\"e-gallery-item elementor-gallery-item elementor-animated-content\" href=\"https:\/\/monsieurglace.com\/wp-content\/uploads\/2022\/10\/284261595_330370089261335_744896031302543497_n.jpg\" data-elementor-open-lightbox=\"yes\" data-elementor-lightbox-slideshow=\"fadf85a\" data-elementor-lightbox-title=\"Monsieur Glace\" data-elementor-lightbox-description=\"Team \u00e9v\u00e9nementielle de feu!!! Phil, Frank et Julie \u2665\" data-e-action-hash=\"#elementor-action%3Aaction%3Dlightbox%26settings%3DeyJpZCI6NjgzLCJ1cmwiOiJodHRwczpcL1wvbW9uc2lldXJnbGFjZS5jb21cL3dwLWNvbnRlbnRcL3VwbG9hZHNcLzIwMjJcLzEwXC8yODQyNjE1OTVfMzMwMzcwMDg5MjYxMzM1Xzc0NDg5NjAzMTMwMjU0MzQ5N19uLmpwZyIsInNsaWRlc2hvdyI6ImZhZGY4NWEifQ%3D%3D\">\n\t\t\t\t\t<div class=\"e-gallery-image elementor-gallery-item__image\" data-thumbnail=\"https:\/\/monsieurglace.com\/wp-content\/uploads\/2022\/10\/284261595_330370089261335_744896031302543497_n.jpg\" data-width=\"941\" data-height=\"2048\" aria-label=\"\" role=\"img\" ><\/div>\n\t\t\t\t\t\t\t\t\t\t\t<div class=\"elementor-gallery-item__overlay\"><\/div>\n\t\t\t\t\t\t\t\t\t\t\t\t\t\t<\/a>\n\t\t\t\t\t\t\t<a class=\"e-gallery-item elementor-gallery-item elementor-animated-content\" href=\"https:\/\/monsieurglace.com\/wp-content\/uploads\/2022\/10\/20220819_171651-1.jpg\" data-elementor-open-lightbox=\"yes\" data-elementor-lightbox-slideshow=\"fadf85a\" data-elementor-lightbox-title=\"Monsieur Glace\" data-elementor-lightbox-description=\"Parc Jean-Drapeau. Montage et installation\" data-e-action-hash=\"#elementor-action%3Aaction%3Dlightbox%26settings%3DeyJpZCI6Njg0LCJ1cmwiOiJodHRwczpcL1wvbW9uc2lldXJnbGFjZS5jb21cL3dwLWNvbnRlbnRcL3VwbG9hZHNcLzIwMjJcLzEwXC8yMDIyMDgxOV8xNzE2NTEtMS5qcGciLCJzbGlkZXNob3ciOiJmYWRmODVhIn0%3D\">\n\t\t\t\t\t<div class=\"e-gallery-image elementor-gallery-item__image\" data-thumbnail=\"https:\/\/monsieurglace.com\/wp-content\/uploads\/2022\/10\/20220819_171651-1.jpg\" data-width=\"1848\" data-height=\"2393\" aria-label=\"\" role=\"img\" ><\/div>\n\t\t\t\t\t\t\t\t\t\t\t<div class=\"elementor-gallery-item__overlay\"><\/div>\n\t\t\t\t\t\t\t\t\t\t\t\t\t\t<\/a>\n\t\t\t\t\t\t\t<a class=\"e-gallery-item elementor-gallery-item elementor-animated-content\" href=\"https:\/\/monsieurglace.com\/wp-content\/uploads\/2022\/10\/20220604_192555.jpg\" data-elementor-open-lightbox=\"yes\" data-elementor-lightbox-slideshow=\"fadf85a\" data-elementor-lightbox-title=\"Monsieur Glace\" data-elementor-lightbox-description=\"Ice Ice Baby!\" data-e-action-hash=\"#elementor-action%3Aaction%3Dlightbox%26settings%3DeyJpZCI6Njg1LCJ1cmwiOiJodHRwczpcL1wvbW9uc2lldXJnbGFjZS5jb21cL3dwLWNvbnRlbnRcL3VwbG9hZHNcLzIwMjJcLzEwXC8yMDIyMDYwNF8xOTI1NTUuanBnIiwic2xpZGVzaG93IjoiZmFkZjg1YSJ9\">\n\t\t\t\t\t<div class=\"e-gallery-image elementor-gallery-item__image\" data-thumbnail=\"https:\/\/monsieurglace.com\/wp-content\/uploads\/2022\/10\/20220604_192555.jpg\" data-width=\"1535\" data-height=\"2411\" aria-label=\"\" role=\"img\" ><\/div>\n\t\t\t\t\t\t\t\t\t\t\t<div class=\"elementor-gallery-item__overlay\"><\/div>\n\t\t\t\t\t\t\t\t\t\t\t\t\t\t<\/a>\n\t\t\t\t\t<\/div>\n\t\t\t\t\t<\/div>\n\t\t\t\t<\/div>\n\t\t\t\t\t<\/div>\n\t\t<\/div>\n\t\t\t\t\t<\/div>\n\t\t<\/section>\n\t\t\t\t<\/div>\n\t\t","protected":false},"excerpt":{"rendered":"","protected":false},"author":1,"featured_media":0,"parent":0,"menu_order":0,"comment_status":"closed","ping_status":"closed","template":"elementor_header_footer","meta":{"footnotes":""},"class_list":["post-695","page","type-page","status-publish","hentry","entry"],"_links":{"self":[{"href":"https:\/\/monsieurglace.com\/en\/wp-json\/wp\/v2\/pages\/695","targetHints":{"allow":["GET"]}}],"collection":[{"href":"https:\/\/monsieurglace.com\/en\/wp-json\/wp\/v2\/pages"}],"about":[{"href":"https:\/\/monsieurglace.com\/en\/wp-json\/wp\/v2\/types\/page"}],"author":[{"embeddable":true,"href":"https:\/\/monsieurglace.com\/en\/wp-json\/wp\/v2\/users\/1"}],"replies":[{"embeddable":true,"href":"https:\/\/monsieurglace.com\/en\/wp-json\/wp\/v2\/comments?post=695"}],"version-history":[{"count":1,"href":"https:\/\/monsieurglace.com\/en\/wp-json\/wp\/v2\/pages\/695\/revisions"}],"predecessor-version":[{"id":696,"href":"https:\/\/monsieurglace.com\/en\/wp-json\/wp\/v2\/pages\/695\/revisions\/696"}],"wp:attachment":[{"href":"https:\/\/monsieurglace.com\/en\/wp-json\/wp\/v2\/media?parent=695"}],"curies":[{"name":"wp","href":"https:\/\/api.w.org\/{rel}","templated":true}]}}